{"id":62,"date":"2024-10-01T21:37:53","date_gmt":"2024-10-01T21:37:53","guid":{"rendered":"https:\/\/tnopc.pl\/?page_id=62"},"modified":"2024-10-01T21:39:02","modified_gmt":"2024-10-01T21:39:02","slug":"konferencja","status":"publish","type":"page","link":"https:\/\/tnopc.pl\/?page_id=62","title":{"rendered":"Konferencja"},"content":{"rendered":"\n<p>Nasza organizacja odpowiada za konferencj\u0119 naukow\u0105 po\u015bwi\u0119con\u0105 zagadnieniom turystyki na obszarach cennych przyrodniczo. Podczas konferencji eksperci dziel\u0105 si\u0119 wiedz\u0105 i do\u015bwiadczenie zwi\u0105zanym z t\u0105 tematyk\u0105. Zapraszamy do zapoznania ze szczeg\u00f3\u0142ami wydarzenia poni\u017cej:<\/p>\n\n\n\n<h3 class=\"wp-block-heading\"><strong>Szczeg\u00f3\u0142y konferencji<\/strong><\/h3>\n\n\n\n<hr class=\"wp-block-separator has-alpha-channel-opacity\"\/>\n\n\n\n<h4 class=\"wp-block-heading\"><strong>8:00 \u2013 9:00<\/strong><\/h4>\n\n\n\n<p>Rejestracja uczestnik\u00f3w i powitalna kawa<\/p>\n\n\n\n<h4 class=\"wp-block-heading\"><strong>9:00 \u2013 9:30<\/strong><\/h4>\n\n\n\n<p><strong>Oficjalne otwarcie konferencji<\/strong><\/p>\n\n\n\n<ul class=\"wp-block-list\">\n<li>Powitanie uczestnik\u00f3w i otwarcie konferencji przez organizator\u00f3w<\/li>\n\n\n\n<li>Wyst\u0105pienie przedstawiciela organizatora wprowadzaj\u0105cego w tematyk\u0119 konferencji<\/li>\n<\/ul>\n\n\n\n<h4 class=\"wp-block-heading\"><strong>9:30 \u2013 10:15<\/strong><\/h4>\n\n\n\n<p><strong>Sesja plenarna 1:<\/strong><\/p>\n\n\n\n<ul class=\"wp-block-list\">\n<li>Om\u00f3wienie trend\u00f3w i kierunk\u00f3w rozwoju turystyki przyrodniczej w kontek\u015bcie ochrony \u015brodowiska.<\/li>\n<\/ul>\n\n\n\n<h4 class=\"wp-block-heading\"><strong>10:15 \u2013 11:00<\/strong><\/h4>\n\n\n\n<p><strong>Panel dyskusyjny<\/strong><\/p>\n\n\n\n<h4 class=\"wp-block-heading\"><strong>11:00 \u2013 11:30<\/strong><\/h4>\n\n\n\n<p>Przerwa kawowa<\/p>\n\n\n\n<h4 class=\"wp-block-heading\"><strong>11:30 \u2013 12:15<\/strong><\/h4>\n\n\n\n<p><strong>Sesja plenarna 2:<\/strong><\/p>\n\n\n\n<ul class=\"wp-block-list\">\n<li>Przyk\u0142ady dobrych praktyk zarz\u0105dzania turystyk\u0105 na obszarach chronionych w Polsce i Europie.<\/li>\n<\/ul>\n\n\n\n<h4 class=\"wp-block-heading\"><strong>12:15 \u2013 13:00<\/strong><\/h4>\n\n\n\n<p><strong>Warsztaty 1:<\/strong><\/p>\n\n\n\n<ul class=\"wp-block-list\">\n<li>Dyskusja nad narz\u0119dziami planowania przestrzennego, kt\u00f3re minimalizuj\u0105 wp\u0142yw turystyki na \u015brodowisko.<\/li>\n<\/ul>\n\n\n\n<h4 class=\"wp-block-heading\"><strong>13:00 \u2013 14:30<\/strong><\/h4>\n\n\n\n<p>Lunch<\/p>\n\n\n\n<h4 class=\"wp-block-heading\"><strong>14:30 \u2013 15:15<\/strong><\/h4>\n\n\n\n<p><strong>Sesja tematyczna 1<\/strong><\/p>\n\n\n\n<ul class=\"wp-block-list\">\n<li>Przyk\u0142ady wdra\u017cania ekologicznych form transportu w regionach o wysokiej warto\u015bci przyrodniczej.<\/li>\n<\/ul>\n\n\n\n<h4 class=\"wp-block-heading\"><strong>15:15 \u2013 16:00<\/strong><\/h4>\n\n\n\n<p><strong>Panel dyskusyjny<\/strong><\/p>\n\n\n\n<h4 class=\"wp-block-heading\"><strong>16:00 \u2013 16:30<\/strong><\/h4>\n\n\n\n<p>Przerwa kawowa<\/p>\n\n\n\n<h4 class=\"wp-block-heading\"><strong>16:30 \u2013 18:00<\/strong><\/h4>\n\n\n\n<p><strong>Sesja posterowa<\/strong><\/p>\n\n\n\n<ul class=\"wp-block-list\">\n<li>Prezentacje bada\u0144 m\u0142odych naukowc\u00f3w oraz student\u00f3w w formie poster\u00f3w, dotycz\u0105cych wp\u0142ywu turystyki na \u015brodowisko, strategii ochrony przyrody oraz innowacyjnych metod zarz\u0105dzania turystyk\u0105.<\/li>\n<\/ul>\n\n\n\n<h4 class=\"wp-block-heading\"><strong>19:00 \u2013 21:00<\/strong><\/h4>\n\n\n\n<p>Kolacja networkingowa i zako\u0144czenie konferencji.<\/p>\n\n\n\n<p><\/p>\n","protected":false},"excerpt":{"rendered":"<p>Nasza organizacja odpowiada za konferencj\u0119 naukow\u0105 po\u015bwi\u0119con\u0105 zagadnieniom turystyki na obszarach cennych przyrodniczo. Podczas konferencji eksperci dziel\u0105 si\u0119 wiedz\u0105 i do\u015bwiadczenie zwi\u0105zanym z t\u0105 tematyk\u0105. Zapraszamy do zapoznania ze szczeg\u00f3\u0142ami wydarzenia poni\u017cej: Szczeg\u00f3\u0142y konferencji 8:00 \u2013 9:00 Rejestracja uczestnik\u00f3w i powitalna kawa 9:00 \u2013 9:30 Oficjalne otwarcie konferencji 9:30 \u2013 10:15 Sesja plenarna 1: 10:15&hellip;&nbsp;<a href=\"https:\/\/tnopc.pl\/?page_id=62\" class=\"\" rel=\"bookmark\">Dowiedz si\u0119 wi\u0119cej &raquo;<span class=\"screen-reader-text\">Konferencja<\/span><\/a><\/p>\n","protected":false},"author":1,"featured_media":0,"parent":0,"menu_order":0,"comment_status":"closed","ping_status":"closed","template":"","meta":{"neve_meta_sidebar":"","neve_meta_container":"","neve_meta_enable_content_width":"","neve_meta_content_width":0,"neve_meta_title_alignment":"","neve_meta_author_avatar":"","neve_post_elements_order":"","neve_meta_disable_header":"","neve_meta_disable_footer":"","neve_meta_disable_title":"","footnotes":""},"class_list":["post-62","page","type-page","status-publish","hentry"],"aioseo_notices":[],"_links":{"self":[{"href":"https:\/\/tnopc.pl\/index.php?rest_route=\/wp\/v2\/pages\/62","targetHints":{"allow":["GET"]}}],"collection":[{"href":"https:\/\/tnopc.pl\/index.php?rest_route=\/wp\/v2\/pages"}],"about":[{"href":"https:\/\/tnopc.pl\/index.php?rest_route=\/wp\/v2\/types\/page"}],"author":[{"embeddable":true,"href":"https:\/\/tnopc.pl\/index.php?rest_route=\/wp\/v2\/users\/1"}],"replies":[{"embeddable":true,"href":"https:\/\/tnopc.pl\/index.php?rest_route=%2Fwp%2Fv2%2Fcomments&post=62"}],"version-history":[{"count":2,"href":"https:\/\/tnopc.pl\/index.php?rest_route=\/wp\/v2\/pages\/62\/revisions"}],"predecessor-version":[{"id":65,"href":"https:\/\/tnopc.pl\/index.php?rest_route=\/wp\/v2\/pages\/62\/revisions\/65"}],"wp:attachment":[{"href":"https:\/\/tnopc.pl\/index.php?rest_route=%2Fwp%2Fv2%2Fmedia&parent=62"}],"curies":[{"name":"wp","href":"https:\/\/api.w.org\/{rel}","templated":true}]}}