{"id":7,"date":"2024-10-01T20:49:05","date_gmt":"2024-10-01T20:49:05","guid":{"rendered":"https:\/\/tnopc.pl\/?page_id=7"},"modified":"2024-10-01T21:35:22","modified_gmt":"2024-10-01T21:35:22","slug":"informacje","status":"publish","type":"page","link":"https:\/\/tnopc.pl\/?page_id=7","title":{"rendered":"Informacje"},"content":{"rendered":"\n<div class=\"wp-block-cover alignfull\" style=\"min-height:320px;aspect-ratio:unset;\"><span aria-hidden=\"true\" class=\"wp-block-cover__background has-nv-site-bg-background-color has-background-dim-100 has-background-dim\"><\/span><div class=\"wp-block-cover__inner-container is-layout-flow wp-block-cover-is-layout-flow\">\n<div class=\"wp-block-group\" style=\"padding-right:var(--wp--preset--spacing--30);padding-left:var(--wp--preset--spacing--30)\"><div class=\"wp-block-group__inner-container is-layout-flow wp-block-group-is-layout-flow\">\n<h1 class=\"wp-block-heading has-text-align-left has-neve-text-color-color has-text-color\">O nas<\/h1>\n\n\n\n<p class=\"has-nv-dark-bg-color has-text-color has-link-color wp-elements-2dff8418d1d05c8f5f0f6a161b40cc38\">Jeste\u015bmy organizacj\u0105, kt\u00f3ra z pasj\u0105 promuje turystyk\u0119 na obszarach przyrodniczo cennych, \u0142\u0105cz\u0105c mi\u0142o\u015b\u0107 do natury z odpowiedzialnym podr\u00f3\u017cowaniem. Nasz\u0105 misj\u0105 jest wspieranie zr\u00f3wnowa\u017conego rozwoju turystyki, kt\u00f3ra nie tylko umo\u017cliwia odkrywanie najpi\u0119kniejszych zak\u0105tk\u00f3w przyrody, ale tak\u017ce chroni ich unikalny ekosystem dla przysz\u0142ych pokole\u0144.<\/p>\n\n\n\n<p class=\"has-nv-dark-bg-color has-text-color has-link-color wp-elements-71036b7ae3f0c1ea7d7eb9bb07293925\">Dzia\u0142amy na rzecz harmonii mi\u0119dzy cz\u0142owiekiem a natur\u0105, inspiruj\u0105c turyst\u00f3w do podr\u00f3\u017cowania w spos\u00f3b, kt\u00f3ry minimalizuje negatywny wp\u0142yw na \u015brodowisko. Wsp\u00f3\u0142pracujemy z lokalnymi spo\u0142eczno\u015bciami, parkami narodowymi oraz instytucjami naukowymi, aby tworzy\u0107 trwa\u0142e rozwi\u0105zania, kt\u00f3re wspieraj\u0105 zar\u00f3wno ochron\u0119 przyrody, jak i rozw\u00f3j lokalnych gospodarek opartych na ekoturystyce.<\/p>\n\n\n\n<p class=\"has-nv-dark-bg-color has-text-color has-link-color wp-elements-5c816a66a97692fc61dfb7e925c8d317\">Nasze inicjatywy obejmuj\u0105:<\/p>\n\n\n\n<p class=\"has-nv-dark-bg-color has-text-color has-link-color wp-elements-69597248a6c1f08f14b5f8cd28d8e250\"><strong>Edukacj\u0119 ekologiczn\u0105<\/strong> \u2013 organizujemy warsztaty, szkolenia oraz kampanie informacyjne, kt\u00f3re podnosz\u0105 \u015bwiadomo\u015b\u0107 o odpowiedzialnej turystyce.<br><strong>Promowanie szlak\u00f3w turystycznych<\/strong> \u2013 wspieramy rozw\u00f3j tras pieszych, rowerowych i wodnych, kt\u00f3re umo\u017cliwiaj\u0105 bezpieczne zwiedzanie najpi\u0119kniejszych miejsc przyrodniczych.<br><strong>Wsp\u00f3\u0142prac\u0119 z parkami narodowymi i rezerwatam<\/strong>i \u2013 pomagamy wdra\u017ca\u0107 strategie zarz\u0105dzania turystyk\u0105, kt\u00f3re ograniczaj\u0105 presj\u0119 na \u015brodowisko naturalne.<br><strong>Zr\u00f3wnowa\u017cone projekty turystyczne<\/strong> \u2013 doradzamy w zakresie tworzenia infrastruktury turystycznej, kt\u00f3ra jest przyjazna \u015brodowisku, promujemy ekologiczne miejsca noclegowe i us\u0142ugi.<\/p>\n\n\n\n<p class=\"has-nv-dark-bg-color has-text-color has-link-color wp-elements-dff0da7e13389dd33d6f415e9dfb26b2\">Nasza wizja to przysz\u0142o\u015b\u0107, w kt\u00f3rej turystyka na obszarach przyrodniczo cennych b\u0119dzie s\u0142u\u017cy\u0107 jako narz\u0119dzie do ochrony natury, a ka\u017cdy turysta stanie si\u0119 jej \u015bwiadomym stra\u017cnikiem. Wierzymy, \u017ce odpowiedzialne podr\u00f3\u017ce maj\u0105 moc zmieniania \u015bwiata na lepsze \u2013 zar\u00f3wno dla nas, jak i dla przyrody, kt\u00f3r\u0105 podziwiamy.<\/p>\n<\/div><\/div>\n<\/div><\/div>\n\n\n\n<p><\/p>\n","protected":false},"excerpt":{"rendered":"","protected":false},"author":1,"featured_media":0,"parent":0,"menu_order":0,"comment_status":"closed","ping_status":"closed","template":"","meta":{"neve_meta_sidebar":"","neve_meta_container":"","neve_meta_enable_content_width":"on","neve_meta_content_width":100,"neve_meta_title_alignment":"","neve_meta_author_avatar":"","neve_post_elements_order":"","neve_meta_disable_header":"","neve_meta_disable_footer":"","neve_meta_disable_title":"on","footnotes":""},"class_list":["post-7","page","type-page","status-publish","hentry"],"aioseo_notices":[],"_links":{"self":[{"href":"https:\/\/tnopc.pl\/index.php?rest_route=\/wp\/v2\/pages\/7","targetHints":{"allow":["GET"]}}],"collection":[{"href":"https:\/\/tnopc.pl\/index.php?rest_route=\/wp\/v2\/pages"}],"about":[{"href":"https:\/\/tnopc.pl\/index.php?rest_route=\/wp\/v2\/types\/page"}],"author":[{"embeddable":true,"href":"https:\/\/tnopc.pl\/index.php?rest_route=\/wp\/v2\/users\/1"}],"replies":[{"embeddable":true,"href":"https:\/\/tnopc.pl\/index.php?rest_route=%2Fwp%2Fv2%2Fcomments&post=7"}],"version-history":[{"count":6,"href":"https:\/\/tnopc.pl\/index.php?rest_route=\/wp\/v2\/pages\/7\/revisions"}],"predecessor-version":[{"id":61,"href":"https:\/\/tnopc.pl\/index.php?rest_route=\/wp\/v2\/pages\/7\/revisions\/61"}],"wp:attachment":[{"href":"https:\/\/tnopc.pl\/index.php?rest_route=%2Fwp%2Fv2%2Fmedia&parent=7"}],"curies":[{"name":"wp","href":"https:\/\/api.w.org\/{rel}","templated":true}]}}